{"id":6,"date":"2020-05-06T19:48:49","date_gmt":"2020-05-06T19:48:49","guid":{"rendered":"http:\/\/www.ferienwohnung-zur-linde.de\/?page_id=6"},"modified":"2020-05-06T20:17:57","modified_gmt":"2020-05-06T20:17:57","slug":"ferienwohnung-zur-linde","status":"publish","type":"page","link":"https:\/\/www.ferienwohnung-zur-linde.de\/","title":{"rendered":"Ferienwohnung Zur Linde"},"content":{"rendered":"\t\t<div data-elementor-type=\"wp-page\" data-elementor-id=\"6\" class=\"elementor elementor-6\">\n\t\t\t\t\t\t<section class=\"elementor-section elementor-top-section elementor-element elementor-element-1412c4b0 elementor-section-content-middle elementor-section-boxed elementor-section-height-default elementor-section-height-default\" data-id=\"1412c4b0\" data-element_type=\"section\" data-e-type=\"section\" data-settings=\"{&quot;background_background&quot;:&quot;classic&quot;}\">\n\t\t\t\t\t\t<div class=\"elementor-container elementor-column-gap-no\">\n\t\t\t\t\t<div class=\"elementor-column elementor-col-100 elementor-top-column elementor-element elementor-element-2b74dc0b\" data-id=\"2b74dc0b\" data-element_type=\"column\" data-e-type=\"column\">\n\t\t\t<div class=\"elementor-widget-wrap elementor-element-populated\">\n\t\t\t\t\t\t<div class=\"elementor-element elementor-element-2abaa98a elementor-widget elementor-widget-heading\" data-id=\"2abaa98a\" data-element_type=\"widget\" data-e-type=\"widget\" data-widget_type=\"heading.default\">\n\t\t\t\t<div class=\"elementor-widget-container\">\n\t\t\t\t\t<h4 class=\"elementor-heading-title elementor-size-default\">Ferienwohnung Zur Linde<\/h4>\t\t\t\t<\/div>\n\t\t\t\t<\/div>\n\t\t\t\t<div class=\"elementor-element elementor-element-3e5f5b6c elementor-widget elementor-widget-text-editor\" data-id=\"3e5f5b6c\" data-element_type=\"widget\" data-e-type=\"widget\" data-widget_type=\"text-editor.default\">\n\t\t\t\t<div class=\"elementor-widget-container\">\n\t\t\t\t\t\t\t\t\t<p>Hier entsteht grade unsere neue Website. Sie k\u00f6nnen uns bei Fragen direkt kontaktieren.<\/p><p>Sie finden uns auch bei <a href=\"https:\/\/www.fewo-direkt.de\/ferienwohnung-ferienhaus\/p2332734\">Fewo-Direkt<\/a>. Dort erhalten Sie mehr Informationen und viele Bilder unserer sch\u00f6nen Ferienwohnung.<\/p>\t\t\t\t\t\t\t\t<\/div>\n\t\t\t\t<\/div>\n\t\t\t\t\t<\/div>\n\t\t<\/div>\n\t\t\t\t\t<\/div>\n\t\t<\/section>\n\t\t\t\t<section class=\"elementor-section elementor-top-section elementor-element elementor-element-41b85541 elementor-section-content-middle elementor-section-boxed elementor-section-height-default elementor-section-height-default\" data-id=\"41b85541\" data-element_type=\"section\" data-e-type=\"section\" data-settings=\"{&quot;background_background&quot;:&quot;classic&quot;}\">\n\t\t\t\t\t\t<div class=\"elementor-container elementor-column-gap-no\">\n\t\t\t\t\t<div class=\"elementor-column elementor-col-100 elementor-top-column elementor-element elementor-element-bfc40b\" data-id=\"bfc40b\" data-element_type=\"column\" data-e-type=\"column\">\n\t\t\t<div class=\"elementor-widget-wrap elementor-element-populated\">\n\t\t\t\t\t\t<div class=\"elementor-element elementor-element-4c70945b elementor-widget elementor-widget-heading\" data-id=\"4c70945b\" data-element_type=\"widget\" data-e-type=\"widget\" data-widget_type=\"heading.default\">\n\t\t\t\t<div class=\"elementor-widget-container\">\n\t\t\t\t\t<h5 class=\"elementor-heading-title elementor-size-default\">Kontakt \/ Impressum<\/h5>\t\t\t\t<\/div>\n\t\t\t\t<\/div>\n\t\t\t\t<div class=\"elementor-element elementor-element-481bb3f5 elementor-widget elementor-widget-heading\" data-id=\"481bb3f5\" data-element_type=\"widget\" data-e-type=\"widget\" data-widget_type=\"heading.default\">\n\t\t\t\t<div class=\"elementor-widget-container\">\n\t\t\t\t\t<p class=\"elementor-heading-title elementor-size-medium\">Ferienwohnung Zur Linde<br><br>Thomas J\u00e4ger<br>Weiherstra\u00dfe 18a<br>88690 Uhldingen-M\u00fchlhofen<br><br>Tel: +49-(0)7556-9665472<br>Email: <a href=\"mailto:info@ferienwohnung-zur-linde.de\">info@ferienwohnung-zur-linde.de<\/a><\/p>\t\t\t\t<\/div>\n\t\t\t\t<\/div>\n\t\t\t\t\t<\/div>\n\t\t<\/div>\n\t\t\t\t\t<\/div>\n\t\t<\/section>\n\t\t\t\t<\/div>\n\t\t","protected":false},"excerpt":{"rendered":"<p>Ferienwohnung Zur Linde Hier entsteht grade unsere neue Website. Sie k\u00f6nnen uns bei Fragen direkt kontaktieren. Sie finden uns auch bei Fewo-Direkt. Dort erhalten Sie mehr Informationen und viele Bilder unserer sch\u00f6nen Ferienwohnung. Kontakt \/ Impressum Ferienwohnung Zur Linde Thomas J\u00e4gerWeiherstra\u00dfe 18a88690 Uhldingen-M\u00fchlhofen Tel: +49-(0)7556-9665472Email: info@ferienwohnung-zur-linde.de<\/p>\n","protected":false},"author":1,"featured_media":0,"parent":0,"menu_order":0,"comment_status":"closed","ping_status":"closed","template":"elementor_canvas","meta":{"footnotes":""},"class_list":["post-6","page","type-page","status-publish","hentry"],"_links":{"self":[{"href":"https:\/\/www.ferienwohnung-zur-linde.de\/index.php?rest_route=\/wp\/v2\/pages\/6","targetHints":{"allow":["GET"]}}],"collection":[{"href":"https:\/\/www.ferienwohnung-zur-linde.de\/index.php?rest_route=\/wp\/v2\/pages"}],"about":[{"href":"https:\/\/www.ferienwohnung-zur-linde.de\/index.php?rest_route=\/wp\/v2\/types\/page"}],"author":[{"embeddable":true,"href":"https:\/\/www.ferienwohnung-zur-linde.de\/index.php?rest_route=\/wp\/v2\/users\/1"}],"replies":[{"embeddable":true,"href":"https:\/\/www.ferienwohnung-zur-linde.de\/index.php?rest_route=%2Fwp%2Fv2%2Fcomments&post=6"}],"version-history":[{"count":7,"href":"https:\/\/www.ferienwohnung-zur-linde.de\/index.php?rest_route=\/wp\/v2\/pages\/6\/revisions"}],"predecessor-version":[{"id":18,"href":"https:\/\/www.ferienwohnung-zur-linde.de\/index.php?rest_route=\/wp\/v2\/pages\/6\/revisions\/18"}],"wp:attachment":[{"href":"https:\/\/www.ferienwohnung-zur-linde.de\/index.php?rest_route=%2Fwp%2Fv2%2Fmedia&parent=6"}],"curies":[{"name":"wp","href":"https:\/\/api.w.org\/{rel}","templated":true}]}}